{"id":21,"date":"2025-12-01T17:29:48","date_gmt":"2025-12-01T17:29:48","guid":{"rendered":"https:\/\/topflatsmanager.com\/?page_id=21"},"modified":"2026-03-17T14:23:24","modified_gmt":"2026-03-17T13:23:24","slug":"reviews","status":"publish","type":"page","link":"https:\/\/topflatsmanager.com\/en\/reviews\/","title":{"rendered":"Reviews"},"content":{"rendered":"<div data-elementor-type=\"wp-page\" data-elementor-id=\"21\" class=\"elementor elementor-21\" data-elementor-post-type=\"page\">\n\t\t\t\t<div class=\"elementor-element elementor-element-a845df9 e-flex e-con-boxed e-con e-parent\" data-id=\"a845df9\" data-element_type=\"container\">\n\t\t\t\t\t<div class=\"e-con-inner\">\n\t\t<div class=\"elementor-element elementor-element-1eafbb5 e-con-full e-flex e-con e-child\" data-id=\"1eafbb5\" data-element_type=\"container\" data-settings=\"{&quot;background_background&quot;:&quot;classic&quot;}\">\n\t\t<div class=\"elementor-element elementor-element-b81bd77 e-flex e-con-boxed e-con e-child\" data-id=\"b81bd77\" data-element_type=\"container\">\n\t\t\t\t\t<div class=\"e-con-inner\">\n\t\t<div class=\"elementor-element elementor-element-20e9030 e-con-full e-flex e-con e-child\" data-id=\"20e9030\" data-element_type=\"container\">\n\t\t\t\t<div class=\"elementor-element elementor-element-83ca223 elementor-widget elementor-widget-heading\" data-id=\"83ca223\" data-element_type=\"widget\" data-widget_type=\"heading.default\">\n\t\t\t\t\t<h2 class=\"elementor-heading-title elementor-size-default\">Sobre mi <\/h2>\t\t\t\t<\/div>\n\t\t\t\t<div class=\"elementor-element elementor-element-86c7a1f elementor-widget elementor-widget-heading\" data-id=\"86c7a1f\" data-element_type=\"widget\" data-widget_type=\"heading.default\">\n\t\t\t\t\t<p class=\"elementor-heading-title elementor-size-default\">Podeis tener la confianza de estar en buenas manos<\/p>\t\t\t\t<\/div>\n\t\t\t\t<div class=\"elementor-element elementor-element-f6eda3e elementor-widget elementor-widget-spacer\" data-id=\"f6eda3e\" data-element_type=\"widget\" data-widget_type=\"spacer.default\">\n\t\t\t\t\t\t\t<div class=\"elementor-spacer\">\n\t\t\t<div class=\"elementor-spacer-inner\"><\/div>\n\t\t<\/div>\n\t\t\t\t\t\t<\/div>\n\t\t<div class=\"elementor-element elementor-element-4c5fb07 e-con-full e-flex e-con e-child\" data-id=\"4c5fb07\" data-element_type=\"container\">\n\t\t<div class=\"elementor-element elementor-element-1687e55 e-con-full e-flex e-con e-child\" data-id=\"1687e55\" data-element_type=\"container\">\n\t\t\t\t<div class=\"elementor-element elementor-element-30f986d elementor-widget elementor-widget-image\" data-id=\"30f986d\" data-element_type=\"widget\" data-widget_type=\"image.default\">\n\t\t\t\t\t\t\t\t\t\t\t\t\t\t\t<img fetchpriority=\"high\" decoding=\"async\" width=\"940\" height=\"788\" src=\"https:\/\/topflatsmanager.com\/wp-content\/uploads\/2025\/12\/Diseno-sin-titulo-8.png\" class=\"attachment-large size-large wp-image-383\" alt=\"\" srcset=\"https:\/\/topflatsmanager.com\/wp-content\/uploads\/2025\/12\/Diseno-sin-titulo-8.png 940w, https:\/\/topflatsmanager.com\/wp-content\/uploads\/2025\/12\/Diseno-sin-titulo-8-300x251.png 300w, https:\/\/topflatsmanager.com\/wp-content\/uploads\/2025\/12\/Diseno-sin-titulo-8-768x644.png 768w, https:\/\/topflatsmanager.com\/wp-content\/uploads\/2025\/12\/Diseno-sin-titulo-8-14x12.png 14w\" sizes=\"(max-width: 940px) 100vw, 940px\" \/>\t\t\t\t\t\t\t\t\t\t\t\t\t\t\t<\/div>\n\t\t\t\t<\/div>\n\t\t<div class=\"elementor-element elementor-element-7b827ab e-con-full e-flex e-con e-child\" data-id=\"7b827ab\" data-element_type=\"container\">\n\t\t\t\t<div class=\"elementor-element elementor-element-de43512 elementor-widget elementor-widget-text-editor\" data-id=\"de43512\" data-element_type=\"widget\" data-widget_type=\"text-editor.default\">\n\t\t\t\t\t\t\t\t\t<div class=\"h1nkyqkd atm_9s_1txwivl atm_ar_1bp4okc atm_cx_1gqzj4n dir dir-ltr\"><div class=\"hrmpu0i atm_9s_1txwivl atm_cx_gktfv atm_h_1h6ojuz dir dir-ltr\" style=\"padding-left: 40px\"><strong><span class=\"s189arqn atm_c8_lb3zt atm_g3_1fizanm atm_fr_1eaftec atm_cs_14spzga dir dir-ltr\">Information about Gio<\/span><\/strong><\/div><\/div><div class=\"b1ftvvwk atm_9s_1txwivl atm_ar_1bp4okc atm_vy_1osqo2v atm_cx_yzyzbo atm_yzoiap_hkllrs dir dir-ltr\"><div class=\"c1fqynuh atm_9s_1txwivl atm_ar_1bp4okc atm_h_v2br90 atm_cx_1itn57d atm_fc_v2br90 dir dir-ltr\"><ul class=\"f1r5oeko atm_9s_11p5wf0 atm_cx_1o0mysn atm_dz_hkllrs atm_h_1fhbwtr atm_ge_glywfm atm_l8_idpfg4 atm_gi_idpfg4 atm_dz_1uzqsms__qky54b dir dir-ltr\"><li><div class=\"rx7n8c4 atm_9s_1txwivl atm_h_1y6m0gg atm_cx_1njfy96 dir dir-ltr\"><span class=\"t1sthkkh atm_am_40d212 atm_l8_1wtnybc atm_c8_3w7ag0 atm_g3_1emqlh9 atm_fr_helst dir dir-ltr\"><span class=\"i87tibg atm_g3_gktfv atm_ks_15vqwwr atm_sq_1l2sidv atm_9s_cj1kg8 atm_6w_1e54zos atm_fy_cs5v99 atm_ks_zryt35__1rgatj2 dir dir-ltr\">Pets: I have an asky called Atena<\/span><\/span><\/div><\/li><li><div class=\"rx7n8c4 atm_9s_1txwivl atm_h_1y6m0gg atm_cx_1njfy96 dir dir-ltr\"><span class=\"t1sthkkh atm_am_40d212 atm_l8_1wtnybc atm_c8_3w7ag0 atm_g3_1emqlh9 atm_fr_helst dir dir-ltr\"><span class=\"i87tibg atm_g3_gktfv atm_ks_15vqwwr atm_sq_1l2sidv atm_9s_cj1kg8 atm_6w_1e54zos atm_fy_cs5v99 atm_ks_zryt35__1rgatj2 dir dir-ltr\">A curiosity about me: I am Italian even though I live in Spain.<\/span><\/span><\/div><\/li><li><div class=\"rx7n8c4 atm_9s_1txwivl atm_h_1y6m0gg atm_cx_1njfy96 dir dir-ltr\"><span class=\"t1sthkkh atm_am_40d212 atm_l8_1wtnybc atm_c8_3w7ag0 atm_g3_1emqlh9 atm_fr_helst dir dir-ltr\"><span class=\"i87tibg atm_g3_gktfv atm_ks_15vqwwr atm_sq_1l2sidv atm_9s_cj1kg8 atm_6w_1e54zos atm_fy_cs5v99 atm_ks_zryt35__1rgatj2 dir dir-ltr\">Speaks Spanish, English and Italian<\/span><\/span><\/div><\/li><li><div class=\"rx7n8c4 atm_9s_1txwivl atm_h_1y6m0gg atm_cx_1njfy96 dir dir-ltr\"><span class=\"t1sthkkh atm_am_40d212 atm_l8_1wtnybc atm_c8_3w7ag0 atm_g3_1emqlh9 atm_fr_helst dir dir-ltr\"><span class=\"i87tibg atm_g3_gktfv atm_ks_15vqwwr atm_sq_1l2sidv atm_9s_cj1kg8 atm_6w_1e54zos atm_fy_cs5v99 atm_ks_zryt35__1rgatj2 dir dir-ltr\">My passions: cooking, traveling and sports<\/span><\/span><\/div><\/li><li><div class=\"rx7n8c4 atm_9s_1txwivl atm_h_1y6m0gg atm_cx_1njfy96 dir dir-ltr\"><span class=\"t1sthkkh atm_am_40d212 atm_l8_1wtnybc atm_c8_3w7ag0 atm_g3_1emqlh9 atm_fr_helst dir dir-ltr\"><span class=\"i87tibg atm_g3_gktfv atm_ks_15vqwwr atm_sq_1l2sidv atm_9s_cj1kg8 atm_6w_1e54zos atm_fy_cs5v99 atm_ks_zryt35__1rgatj2 dir dir-ltr\">I live in: Barcelona, Spain<\/span><\/span><\/div><\/li><li><div class=\"rx7n8c4 atm_9s_1txwivl atm_h_1y6m0gg atm_cx_1njfy96 dir dir-ltr\"><span class=\"t1sthkkh atm_am_40d212 atm_l8_1wtnybc atm_c8_3w7ag0 atm_g3_1emqlh9 atm_fr_helst dir dir-ltr\"><span class=\"i87tibg atm_g3_gktfv atm_ks_15vqwwr atm_sq_1l2sidv atm_9s_cj1kg8 atm_6w_1e54zos atm_fy_cs5v99 atm_ks_zryt35__1rgatj2 dir dir-ltr\">Company<\/span><\/span><\/div><\/li><li><div class=\"rx7n8c4 atm_9s_1txwivl atm_h_1y6m0gg atm_cx_1njfy96 dir dir-ltr\"><span class=\"t1sthkkh atm_am_40d212 atm_l8_1wtnybc atm_c8_3w7ag0 atm_g3_1emqlh9 atm_fr_helst dir dir-ltr\"><span class=\"i87tibg atm_g3_gktfv atm_ks_15vqwwr atm_sq_1l2sidv atm_9s_cj1kg8 atm_6w_1e54zos atm_fy_cs5v99 atm_ks_zryt35__1rgatj2 dir dir-ltr\">Identidad verificada en Airbnb (14 a\u00f1os)<\/span><\/span><\/div><\/li><\/ul><\/div><\/div>\t\t\t\t\t\t\t\t<\/div>\n\t\t\t\t<\/div>\n\t\t\t\t<\/div>\n\t\t\t\t<\/div>\n\t\t\t\t\t<\/div>\n\t\t\t\t<\/div>\n\t\t<div class=\"elementor-element elementor-element-b192802 e-con-full e-flex e-con e-child\" data-id=\"b192802\" data-element_type=\"container\" data-settings=\"{&quot;background_background&quot;:&quot;classic&quot;}\">\n\t\t\t\t<div class=\"elementor-element elementor-element-3f49579 elementor-widget elementor-widget-text-editor\" data-id=\"3f49579\" data-element_type=\"widget\" data-widget_type=\"text-editor.default\">\n\t\t\t\t\t\t\t\t\t<p>HOLA!<br \/>Mi nombre es Gio, he estado viviendo en Barcelona desde hace 7 a\u00f1os. Tengo algunos pisos totalmente reformados en pleno centro.<br \/>Los lugares ideales para sus vacaciones!<\/p><p>Este, est\u00e1 situado en una zona tranquila y bien comunicada ( l\u00edneas de metro y autobuses), lleno de tiendas, bares y restaurantes.<\/p><p>Gracias a que he estado viviendo en esta encantadora ciudad desde hace un tiempo como extranjero, entiendo vuestra situaci\u00f3n perfectamente, as\u00ed que puedo ayudarle a convertir su estancia en la experiencia m\u00e1s agradable posible.<\/p><p><strong>P\u00eddeme consejos, estar\u00e9 encantado de ayudarle!<\/strong><\/p><p>Si tiene alguna pregunta no dude en ponerse en contacto!<\/p><p>Nos vemos en Barcelona!<\/p>\t\t\t\t\t\t\t\t<\/div>\n\t\t\t\t<\/div>\n\t\t<div class=\"elementor-element elementor-element-a04ce1f e-con-full e-flex e-con e-child\" data-id=\"a04ce1f\" data-element_type=\"container\">\n\t\t<div class=\"elementor-element elementor-element-7fe477d e-con-full e-flex e-con e-child\" data-id=\"7fe477d\" data-element_type=\"container\" data-settings=\"{&quot;background_background&quot;:&quot;classic&quot;}\">\n\t\t\t\t<div class=\"elementor-element elementor-element-7987370 elementor-widget elementor-widget-heading\" data-id=\"7987370\" data-element_type=\"widget\" data-widget_type=\"heading.default\">\n\t\t\t\t\t<p class=\"elementor-heading-title elementor-size-default\">Gracias a mis a\u00f1os en Barcelona, he creado una gu\u00eda  para nuestros huespedes con lugares para comer, moverse por Barcelona, lugares de interes...etc <\/p>\t\t\t\t<\/div>\n\t\t\t\t<div class=\"elementor-element elementor-element-cdb3239 elementor-widget elementor-widget-button\" data-id=\"cdb3239\" data-element_type=\"widget\" data-widget_type=\"button.default\">\n\t\t\t\t\t\t\t\t\t\t<a class=\"elementor-button elementor-button-link elementor-size-sm\" href=\"https:\/\/topflatsmanager.com\/en\/location\/\">\n\t\t\t\t\t\t<span class=\"elementor-button-content-wrapper\">\n\t\t\t\t\t\t\t\t\t<span class=\"elementor-button-text\">View complete host guide<\/span>\n\t\t\t\t\t<\/span>\n\t\t\t\t\t<\/a>\n\t\t\t\t\t\t\t\t<\/div>\n\t\t\t\t<\/div>\n\t\t\t\t<\/div>\n\t\t\t\t<\/div>\n\t\t\t\t\t<\/div>\n\t\t\t\t<\/div>\n\t\t<div class=\"elementor-element elementor-element-99c2de1 e-flex e-con-boxed e-con e-parent\" data-id=\"99c2de1\" data-element_type=\"container\">\n\t\t\t\t\t<div class=\"e-con-inner\">\n\t\t<div class=\"elementor-element elementor-element-15942a5 e-con-full e-flex e-con e-child\" data-id=\"15942a5\" data-element_type=\"container\">\n\t\t<div class=\"elementor-element elementor-element-a382ce5 e-flex e-con-boxed e-con e-child\" data-id=\"a382ce5\" data-element_type=\"container\">\n\t\t\t\t\t<div class=\"e-con-inner\">\n\t\t<div class=\"elementor-element elementor-element-8c8f707 e-con-full e-flex e-con e-child\" data-id=\"8c8f707\" data-element_type=\"container\">\n\t\t\t\t<div class=\"elementor-element elementor-element-b780173 elementor-widget elementor-widget-heading\" data-id=\"b780173\" data-element_type=\"widget\" data-widget_type=\"heading.default\">\n\t\t\t\t\t<h2 class=\"elementor-heading-title elementor-size-default\">Opiniones reales verificadas<\/h2>\t\t\t\t<\/div>\n\t\t\t\t<div class=\"elementor-element elementor-element-06d4727 elementor-widget elementor-widget-heading\" data-id=\"06d4727\" data-element_type=\"widget\" data-widget_type=\"heading.default\">\n\t\t\t\t\t<p class=\"elementor-heading-title elementor-size-default\">Our qualification and experience over several years endorse us.<\/p>\t\t\t\t<\/div>\n\t\t\t\t<div class=\"elementor-element elementor-element-53667dc elementor-widget elementor-widget-spacer\" data-id=\"53667dc\" data-element_type=\"widget\" data-widget_type=\"spacer.default\">\n\t\t\t\t\t\t\t<div class=\"elementor-spacer\">\n\t\t\t<div class=\"elementor-spacer-inner\"><\/div>\n\t\t<\/div>\n\t\t\t\t\t\t<\/div>\n\t\t\t\t<\/div>\n\t\t\t\t\t<\/div>\n\t\t\t\t<\/div>\n\t\t<div class=\"elementor-element elementor-element-de9254e e-flex e-con-boxed e-con e-child\" data-id=\"de9254e\" data-element_type=\"container\">\n\t\t\t\t\t<div class=\"e-con-inner\">\n\t\t\t\t<div class=\"elementor-element elementor-element-a3b4111 elementor-widget elementor-widget-shortcode\" data-id=\"a3b4111\" data-element_type=\"widget\" data-widget_type=\"shortcode.default\">\n\t\t\t\t\t\t\t<div class=\"elementor-shortcode\"><div class='tagembed-widget' style='width:; height:;' data-widget-id='2205874' view-url='https:\/\/widget.tagembed.com\/2205874'><\/div><\/div>\n\t\t\t\t\t\t<\/div>\n\t\t\t\t\t<\/div>\n\t\t\t\t<\/div>\n\t\t\t\t<\/div>\n\t\t\t\t\t<\/div>\n\t\t\t\t<\/div>\n\t\t\t\t<\/div>","protected":false},"excerpt":{"rendered":"<p>Sobre mi Podeis tener la confianza de estar en buenas manos Informaci\u00f3n sobre Gio Mascotas: tengo un asky que se [&hellip;]<\/p>","protected":false},"author":1,"featured_media":0,"parent":0,"menu_order":0,"comment_status":"closed","ping_status":"closed","template":"elementor_header_footer","meta":{"site-sidebar-layout":"no-sidebar","site-content-layout":"","ast-site-content-layout":"full-width-container","site-content-style":"default","site-sidebar-style":"default","ast-global-header-display":"","ast-banner-title-visibility":"","ast-main-header-display":"","ast-hfb-above-header-display":"","ast-hfb-below-header-display":"","ast-hfb-mobile-header-display":"","site-post-title":"disabled","ast-breadcrumbs-content":"","ast-featured-img":"disabled","footer-sml-layout":"","ast-disable-related-posts":"","theme-transparent-header-meta":"","adv-header-id-meta":"","stick-header-meta":"","header-above-stick-meta":"","header-main-stick-meta":"","header-below-stick-meta":"","astra-migrate-meta-layouts":"default","ast-page-background-enabled":"default","ast-page-background-meta":{"desktop":{"background-color":"var(--ast-global-color-5)","background-image":"","background-repeat":"repeat","background-position":"center center","background-size":"auto","background-attachment":"scroll","background-type":"","background-media":"","overlay-type":"","overlay-color":"","overlay-opacity":"","overlay-gradient":""},"tablet":{"background-color":"","background-image":"","background-repeat":"repeat","background-position":"center center","background-size":"auto","background-attachment":"scroll","background-type":"","background-media":"","overlay-type":"","overlay-color":"","overlay-opacity":"","overlay-gradient":""},"mobile":{"background-color":"","background-image":"","background-repeat":"repeat","background-position":"center center","background-size":"auto","background-attachment":"scroll","background-type":"","background-media":"","overlay-type":"","overlay-color":"","overlay-opacity":"","overlay-gradient":""}},"ast-content-background-meta":{"desktop":{"background-color":"var(--ast-global-color-4)","background-image":"","background-repeat":"repeat","background-position":"center center","background-size":"auto","background-attachment":"scroll","background-type":"","background-media":"","overlay-type":"","overlay-color":"","overlay-opacity":"","overlay-gradient":""},"tablet":{"background-color":"var(--ast-global-color-4)","background-image":"","background-repeat":"repeat","background-position":"center center","background-size":"auto","background-attachment":"scroll","background-type":"","background-media":"","overlay-type":"","overlay-color":"","overlay-opacity":"","overlay-gradient":""},"mobile":{"background-color":"var(--ast-global-color-4)","background-image":"","background-repeat":"repeat","background-position":"center center","background-size":"auto","background-attachment":"scroll","background-type":"","background-media":"","overlay-type":"","overlay-color":"","overlay-opacity":"","overlay-gradient":""}},"footnotes":""},"class_list":["post-21","page","type-page","status-publish","hentry"],"_hostinger_reach_plugin_has_subscription_block":false,"_hostinger_reach_plugin_is_elementor":false,"_links":{"self":[{"href":"https:\/\/topflatsmanager.com\/en\/wp-json\/wp\/v2\/pages\/21","targetHints":{"allow":["GET"]}}],"collection":[{"href":"https:\/\/topflatsmanager.com\/en\/wp-json\/wp\/v2\/pages"}],"about":[{"href":"https:\/\/topflatsmanager.com\/en\/wp-json\/wp\/v2\/types\/page"}],"author":[{"embeddable":true,"href":"https:\/\/topflatsmanager.com\/en\/wp-json\/wp\/v2\/users\/1"}],"replies":[{"embeddable":true,"href":"https:\/\/topflatsmanager.com\/en\/wp-json\/wp\/v2\/comments?post=21"}],"version-history":[{"count":64,"href":"https:\/\/topflatsmanager.com\/en\/wp-json\/wp\/v2\/pages\/21\/revisions"}],"predecessor-version":[{"id":748,"href":"https:\/\/topflatsmanager.com\/en\/wp-json\/wp\/v2\/pages\/21\/revisions\/748"}],"wp:attachment":[{"href":"https:\/\/topflatsmanager.com\/en\/wp-json\/wp\/v2\/media?parent=21"}],"curies":[{"name":"wp","href":"https:\/\/api.w.org\/{rel}","templated":true}]}}