{"id":727,"date":"2026-03-17T13:54:14","date_gmt":"2026-03-17T12:54:14","guid":{"rendered":"https:\/\/topflatsmanager.com\/?page_id=727"},"modified":"2026-03-17T16:24:55","modified_gmt":"2026-03-17T15:24:55","slug":"cookie-policy","status":"publish","type":"page","link":"https:\/\/topflatsmanager.com\/en\/cookie-policy\/","title":{"rendered":"Cookie policy"},"content":{"rendered":"<div data-elementor-type=\"wp-page\" data-elementor-id=\"727\" class=\"elementor elementor-727\" data-elementor-post-type=\"page\">\n\t\t\t\t<div class=\"elementor-element elementor-element-13bf608 e-flex e-con-boxed e-con e-parent\" data-id=\"13bf608\" data-element_type=\"container\">\n\t\t\t\t\t<div class=\"e-con-inner\">\n\t\t\t\t<div class=\"elementor-element elementor-element-d7a745b elementor-widget elementor-widget-text-editor\" data-id=\"d7a745b\" data-element_type=\"widget\" data-widget_type=\"text-editor.default\">\n\t\t\t\t\t\t\t\t\t<p>POL\u00cdTICA DE COOKIES<\/p>\n<p>1. \u00bfQU\u00c9 SON LAS COOKIES?<\/p>\n<p>Las cookies son peque\u00f1os archivos de texto que un sitio web almacena en el navegador del usuario cuando visita una p\u00e1gina. Sirven para permitir el funcionamiento t\u00e9cnico del sitio, recordar preferencias o recopilar informaci\u00f3n estad\u00edstica sobre la navegaci\u00f3n.<\/p>\n<p>2. \u00bfQU\u00c9 TIPOS DE COOKIES UTILIZA ESTE SITIO WEB?<\/p>\n<p>Este sitio web puede utilizar las siguientes categor\u00edas de cookies:<\/p>\n<p>a) Cookies t\u00e9cnicas o necesarias<br \/>Son aquellas imprescindibles para el funcionamiento b\u00e1sico del sitio web, la navegaci\u00f3n y la prestaci\u00f3n de los servicios solicitados por el usuario.<\/p>\n<p>b) Cookies de an\u00e1lisis o medici\u00f3n<br \/>Son aquellas que permiten cuantificar el n\u00famero de usuarios y realizar la medici\u00f3n y an\u00e1lisis estad\u00edstico del uso que hacen los usuarios del sitio web, con el fin de introducir mejoras.<br \/>En este sitio web pueden utilizarse cookies de Google Analytics 4, siempre que el usuario haya otorgado su consentimiento cuando sea necesario.<\/p>\n<p>3. COOKIES DE TERCEROS<\/p>\n<p>Este sitio web puede utilizar cookies de terceros, en particular de Google, con fines de medici\u00f3n anal\u00edtica.<br \/>Puede consultar m\u00e1s informaci\u00f3n sobre c\u00f3mo Google trata los datos en sus servicios en:<br \/>https:\/\/policies.google.com\/technologies\/cookies?hl=es<\/p>\n<p>4. GESTI\u00d3N DE COOKIES<\/p>\n<p>Al acceder a este sitio web, el usuario podr\u00e1 aceptar, rechazar o configurar el uso de cookies no necesarias a trav\u00e9s del sistema de gesti\u00f3n o banner de cookies habilitado al efecto.<\/p>\n<p>Asimismo, el usuario puede permitir, bloquear o eliminar cookies a trav\u00e9s de la configuraci\u00f3n de su navegador. A continuaci\u00f3n se facilitan enlaces informativos de los navegadores m\u00e1s habituales:<\/p>\n<p>&#8211; Google Chrome<br \/>&#8211; Mozilla Firefox<br \/>&#8211; Microsoft Edge<br \/>&#8211; Safari<\/p>\n<p>5. CONSERVACI\u00d3N<\/p>\n<p>Las cookies se conservar\u00e1n durante el tiempo estrictamente necesario para cumplir su finalidad, y en todo caso seg\u00fan lo previsto por el proveedor correspondiente o hasta que el usuario las elimine manualmente desde su navegador o cambie su configuraci\u00f3n.<\/p>\n<p>6. ACTUALIZACIONES Y CAMBIOS<\/p>\n<p>TOPFLATSMANAGER SL podr\u00e1 modificar esta Pol\u00edtica de Cookies para adaptarla a cambios normativos o t\u00e9cnicos, o a cambios en las cookies efectivamente utilizadas por el sitio web. Se recomienda revisar esta pol\u00edtica de forma peri\u00f3dica.<\/p>\t\t\t\t\t\t\t\t<\/div>\n\t\t\t\t\t<\/div>\n\t\t\t\t<\/div>\n\t\t\t\t<\/div>","protected":false},"excerpt":{"rendered":"<p>POL\u00cdTICA DE COOKIES 1. \u00bfQU\u00c9 SON LAS COOKIES? Las cookies son peque\u00f1os archivos de texto que un sitio web almacena [&hellip;]<\/p>","protected":false},"author":1,"featured_media":0,"parent":0,"menu_order":0,"comment_status":"closed","ping_status":"closed","template":"elementor_header_footer","meta":{"site-sidebar-layout":"default","site-content-layout":"","ast-site-content-layout":"default","site-content-style":"default","site-sidebar-style":"default","ast-global-header-display":"","ast-banner-title-visibility":"","ast-main-header-display":"","ast-hfb-above-header-display":"","ast-hfb-below-header-display":"","ast-hfb-mobile-header-display":"","site-post-title":"disabled","ast-breadcrumbs-content":"","ast-featured-img":"","footer-sml-layout":"","ast-disable-related-posts":"","theme-transparent-header-meta":"","adv-header-id-meta":"","stick-header-meta":"","header-above-stick-meta":"","header-main-stick-meta":"","header-below-stick-meta":"","astra-migrate-meta-layouts":"default","ast-page-background-enabled":"default","ast-page-background-meta":{"desktop":{"background-color":"var(--ast-global-color-5)","background-image":"","background-repeat":"repeat","background-position":"center center","background-size":"auto","background-attachment":"scroll","background-type":"","background-media":"","overlay-type":"","overlay-color":"","overlay-opacity":"","overlay-gradient":""},"tablet":{"background-color":"","background-image":"","background-repeat":"repeat","background-position":"center center","background-size":"auto","background-attachment":"scroll","background-type":"","background-media":"","overlay-type":"","overlay-color":"","overlay-opacity":"","overlay-gradient":""},"mobile":{"background-color":"","background-image":"","background-repeat":"repeat","background-position":"center center","background-size":"auto","background-attachment":"scroll","background-type":"","background-media":"","overlay-type":"","overlay-color":"","overlay-opacity":"","overlay-gradient":""}},"ast-content-background-meta":{"desktop":{"background-color":"var(--ast-global-color-4)","background-image":"","background-repeat":"repeat","background-position":"center center","background-size":"auto","background-attachment":"scroll","background-type":"","background-media":"","overlay-type":"","overlay-color":"","overlay-opacity":"","overlay-gradient":""},"tablet":{"background-color":"var(--ast-global-color-4)","background-image":"","background-repeat":"repeat","background-position":"center center","background-size":"auto","background-attachment":"scroll","background-type":"","background-media":"","overlay-type":"","overlay-color":"","overlay-opacity":"","overlay-gradient":""},"mobile":{"background-color":"var(--ast-global-color-4)","background-image":"","background-repeat":"repeat","background-position":"center center","background-size":"auto","background-attachment":"scroll","background-type":"","background-media":"","overlay-type":"","overlay-color":"","overlay-opacity":"","overlay-gradient":""}},"footnotes":""},"class_list":["post-727","page","type-page","status-publish","hentry"],"_hostinger_reach_plugin_has_subscription_block":false,"_hostinger_reach_plugin_is_elementor":false,"_links":{"self":[{"href":"https:\/\/topflatsmanager.com\/en\/wp-json\/wp\/v2\/pages\/727","targetHints":{"allow":["GET"]}}],"collection":[{"href":"https:\/\/topflatsmanager.com\/en\/wp-json\/wp\/v2\/pages"}],"about":[{"href":"https:\/\/topflatsmanager.com\/en\/wp-json\/wp\/v2\/types\/page"}],"author":[{"embeddable":true,"href":"https:\/\/topflatsmanager.com\/en\/wp-json\/wp\/v2\/users\/1"}],"replies":[{"embeddable":true,"href":"https:\/\/topflatsmanager.com\/en\/wp-json\/wp\/v2\/comments?post=727"}],"version-history":[{"count":10,"href":"https:\/\/topflatsmanager.com\/en\/wp-json\/wp\/v2\/pages\/727\/revisions"}],"predecessor-version":[{"id":805,"href":"https:\/\/topflatsmanager.com\/en\/wp-json\/wp\/v2\/pages\/727\/revisions\/805"}],"wp:attachment":[{"href":"https:\/\/topflatsmanager.com\/en\/wp-json\/wp\/v2\/media?parent=727"}],"curies":[{"name":"wp","href":"https:\/\/api.w.org\/{rel}","templated":true}]}}